{"id":74,"date":"2018-04-14T22:54:01","date_gmt":"2018-04-14T22:54:01","guid":{"rendered":"http:\/\/magictours.com.br\/?page_id=74"},"modified":"2018-04-15T00:23:17","modified_gmt":"2018-04-15T00:23:17","slug":"corporativo","status":"publish","type":"page","link":"http:\/\/www.magictours.com.br\/?page_id=74","title":{"rendered":"Corporativo"},"content":{"rendered":"\t\t<div data-elementor-type=\"wp-post\" data-elementor-id=\"74\" class=\"elementor elementor-74 elementor-bc-flex-widget\">\n\t\t\t\t\t\t<div class=\"elementor-inner\">\n\t\t\t\t<div class=\"elementor-section-wrap\">\n\t\t\t\t\t\t\t\t\t<section class=\"elementor-section elementor-top-section elementor-element elementor-element-481a515 elementor-section-full_width elementor-section-height-default elementor-section-height-default\" data-id=\"481a515\" data-element_type=\"section\">\n\t\t\t\t\t\t<div class=\"elementor-container elementor-column-gap-default\">\n\t\t\t\t\t\t\t<div class=\"elementor-row\">\n\t\t\t\t\t<div class=\"elementor-column elementor-col-100 elementor-top-column elementor-element elementor-element-a4f4f64\" data-id=\"a4f4f64\" data-element_type=\"column\">\n\t\t\t<div class=\"elementor-column-wrap elementor-element-populated\">\n\t\t\t\t\t\t\t<div class=\"elementor-widget-wrap\">\n\t\t\t\t\t\t<div class=\"elementor-element elementor-element-ca843c9 elementor-widget elementor-widget-heading\" data-id=\"ca843c9\" data-element_type=\"widget\" data-widget_type=\"heading.default\">\n\t\t\t\t<div class=\"elementor-widget-container\">\n\t\t\t<h2 class=\"elementor-heading-title elementor-size-default\">Corporativo<\/h2>\t\t<\/div>\n\t\t\t\t<\/div>\n\t\t\t\t<div class=\"elementor-element elementor-element-9c81b35 elementor-widget elementor-widget-image\" data-id=\"9c81b35\" data-element_type=\"widget\" data-widget_type=\"image.default\">\n\t\t\t\t<div class=\"elementor-widget-container\">\n\t\t\t\t\t\t\t\t<div class=\"elementor-image\">\n\t\t\t\t\t\t\t\t\t\t\t\t<img decoding=\"async\" src=\"http:\/\/www.magictours.com.br\/wp-content\/uploads\/elementor\/thumbs\/reuniao-noqdrv90swql1y9d2pis7ke4b3rup54ejqecyfqusw.jpg\" title=\"reuniao\" alt=\"reuniao\" loading=\"lazy\" \/>\t\t\t\t\t\t\t\t\t\t\t\t\t\t<\/div>\n\t\t\t\t\t\t<\/div>\n\t\t\t\t<\/div>\n\t\t\t\t<div class=\"elementor-element elementor-element-806d341 elementor-widget elementor-widget-text-editor\" data-id=\"806d341\" data-element_type=\"widget\" data-widget_type=\"text-editor.default\">\n\t\t\t\t<div class=\"elementor-widget-container\">\n\t\t\t\t\t\t\t\t<div class=\"elementor-text-editor elementor-clearfix\">\n\t\t\t\t\t\t\t\t\t<\/div>\n\t\t\t\t\t\t<\/div>\n\t\t\t\t<\/div>\n\t\t\t\t\t\t<\/div>\n\t\t\t\t\t<\/div>\n\t\t<\/div>\n\t\t\t\t\t\t\t\t<\/div>\n\t\t\t\t\t<\/div>\n\t\t<\/section>\n\t\t\t\t<section class=\"elementor-section elementor-top-section elementor-element elementor-element-d672aac elementor-section-boxed elementor-section-height-default elementor-section-height-default\" data-id=\"d672aac\" data-element_type=\"section\">\n\t\t\t\t\t\t<div class=\"elementor-container elementor-column-gap-default\">\n\t\t\t\t\t\t\t<div class=\"elementor-row\">\n\t\t\t\t\t<div class=\"elementor-column elementor-col-100 elementor-top-column elementor-element elementor-element-5af904b\" data-id=\"5af904b\" data-element_type=\"column\">\n\t\t\t<div class=\"elementor-column-wrap elementor-element-populated\">\n\t\t\t\t\t\t\t<div class=\"elementor-widget-wrap\">\n\t\t\t\t\t\t<div class=\"elementor-element elementor-element-599811a elementor-widget elementor-widget-text-editor\" data-id=\"599811a\" data-element_type=\"widget\" data-widget_type=\"text-editor.default\">\n\t\t\t\t<div class=\"elementor-widget-container\">\n\t\t\t\t\t\t\t\t<div class=\"elementor-text-editor elementor-clearfix\">\n\t\t\t\t<p style=\"margin-bottom: 10px; color: #333333; font-size: 16px; font-family: 'Open Sans', sans-serif !important;\">A <b>MagicTours<\/b>\u00a0\u00e9 uma agencia especializada em Consultoria e Viagens\u00a0 corporativas e lazer, com o compromisso em oferecer as melhores estrat\u00e9gias para reduzir os custos de viagens de suas empresas\/clientes.<\/p><p style=\"margin-bottom: 10px; color: #333333; font-size: 16px; font-family: 'Open Sans', sans-serif !important;\">Propomos as melhores ferramentas de viagens (self booking) dispon\u00edveis no mercado para nossos clientes. A gest\u00e3o de viagens corporativas se tornou uma fun\u00e7\u00e3o essencial para empresas que buscam maior controle das despesas de viagens.<\/p><p style=\"margin-bottom: 10px; color: #333333; font-size: 16px; font-family: 'Open Sans', sans-serif !important;\">Nossa dedica\u00e7\u00e3o \u00e9 total para a entrega de um servi\u00e7o eficiente e qualificado, proporcionando vantagens econ\u00f4micas e seguran\u00e7a aos colaboradores de sua empresa<\/p>\t\t\t\t\t<\/div>\n\t\t\t\t\t\t<\/div>\n\t\t\t\t<\/div>\n\t\t\t\t\t\t<\/div>\n\t\t\t\t\t<\/div>\n\t\t<\/div>\n\t\t\t\t\t\t\t\t<\/div>\n\t\t\t\t\t<\/div>\n\t\t<\/section>\n\t\t\t\t\t\t\t\t\t<\/div>\n\t\t\t<\/div>\n\t\t\t\t\t<\/div>\n\t\t","protected":false},"excerpt":{"rendered":"<p>Corporativo A MagicTours\u00a0\u00e9 uma agencia especializada em Consultoria e Viagens\u00a0 corporativas e lazer, com o compromisso em oferecer as melhores estrat\u00e9gias para reduzir os custos de viagens de suas empresas\/clientes. Propomos as melhores ferramentas de viagens (self booking) dispon\u00edveis no mercado para nossos clientes. A gest\u00e3o de viagens corporativas se tornou uma fun\u00e7\u00e3o essencial para &#8230; <a title=\"Corporativo\" class=\"read-more\" href=\"http:\/\/www.magictours.com.br\/?page_id=74\" aria-label=\"More on Corporativo\">Ler mais<\/a><\/p>\n","protected":false},"author":1,"featured_media":0,"parent":0,"menu_order":0,"comment_status":"closed","ping_status":"closed","template":"","meta":[],"_links":{"self":[{"href":"http:\/\/www.magictours.com.br\/index.php?rest_route=\/wp\/v2\/pages\/74"}],"collection":[{"href":"http:\/\/www.magictours.com.br\/index.php?rest_route=\/wp\/v2\/pages"}],"about":[{"href":"http:\/\/www.magictours.com.br\/index.php?rest_route=\/wp\/v2\/types\/page"}],"author":[{"embeddable":true,"href":"http:\/\/www.magictours.com.br\/index.php?rest_route=\/wp\/v2\/users\/1"}],"replies":[{"embeddable":true,"href":"http:\/\/www.magictours.com.br\/index.php?rest_route=%2Fwp%2Fv2%2Fcomments&post=74"}],"version-history":[{"count":3,"href":"http:\/\/www.magictours.com.br\/index.php?rest_route=\/wp\/v2\/pages\/74\/revisions"}],"predecessor-version":[{"id":86,"href":"http:\/\/www.magictours.com.br\/index.php?rest_route=\/wp\/v2\/pages\/74\/revisions\/86"}],"wp:attachment":[{"href":"http:\/\/www.magictours.com.br\/index.php?rest_route=%2Fwp%2Fv2%2Fmedia&parent=74"}],"curies":[{"name":"wp","href":"https:\/\/api.w.org\/{rel}","templated":true}]}}